{"id":757,"date":"2020-09-15T09:57:44","date_gmt":"2020-09-15T07:57:44","guid":{"rendered":"https:\/\/panskydumrozmital.cz\/?page_id=757"},"modified":"2025-07-11T11:46:32","modified_gmt":"2025-07-11T09:46:32","slug":"prices-booking","status":"publish","type":"page","link":"https:\/\/panskydumrozmital.cz\/en\/prices-booking\/","title":{"rendered":"Booking"},"content":{"rendered":"\t\t<div data-elementor-type=\"wp-page\" data-elementor-id=\"757\" class=\"elementor elementor-757 elementor-41\" data-elementor-post-type=\"page\">\n\t\t\t\t\t\t<section class=\"elementor-section elementor-top-section elementor-element elementor-element-e3a49b8 elementor-section-boxed elementor-section-height-default elementor-section-height-default\" data-id=\"e3a49b8\" data-element_type=\"section\" data-settings=\"{&quot;background_background&quot;:&quot;classic&quot;}\">\n\t\t\t\t\t\t<div class=\"elementor-container elementor-column-gap-default\">\n\t\t\t\t\t<div class=\"elementor-column elementor-col-50 elementor-top-column elementor-element elementor-element-4f5638f\" data-id=\"4f5638f\" data-element_type=\"column\" data-settings=\"{&quot;background_background&quot;:&quot;classic&quot;}\">\n\t\t\t<div class=\"elementor-widget-wrap elementor-element-populated\">\n\t\t\t\t\t\t<div class=\"elementor-element elementor-element-f88480a elementor-widget elementor-widget-heading\" data-id=\"f88480a\" data-element_type=\"widget\" data-widget_type=\"heading.default\">\n\t\t\t\t<div class=\"elementor-widget-container\">\n\t\t\t\t\t<h1 class=\"elementor-heading-title elementor-size-default\">Booking<\/h1>\t\t\t\t<\/div>\n\t\t\t\t<\/div>\n\t\t\t\t<div class=\"elementor-element elementor-element-866f85f elementor-widget elementor-widget-text-editor\" data-id=\"866f85f\" data-element_type=\"widget\" data-widget_type=\"text-editor.default\">\n\t\t\t\t<div class=\"elementor-widget-container\">\n\t\t\t\t\t\t\t\t\t<p>Our guesthouse features 18 double rooms and 2 single rooms. One double room is fully suited for disabled guests. Maximum capacity is 41 guests at once.<\/p><p>All rooms are provided with bathrooms, shower, WC, TV and free Wi-Fi. Extra bed is possible. The whole house is non-smoking and we have to ask you kindly to let your pets at home, except for guide dogs for visual impaired guests.<\/p><p>Prices include:<\/p><ul><li>Breakfast<\/li><li>Private parking<\/li><li>Free Wi-Fi<\/li><li>Storage for bikes\/ski<\/li><li>Entry to terrace, shared lounge, chapel\/private lounge bar<\/li><\/ul><p>We prefer check-in from 14:00 and check-out until 11:00, however, let us know if you have any special requests.<\/p><p>Do you think about business meeting, teambuilding or just want to come with a couple of friends? Please let us know, we can tailor services and catering for larger groups according to their individual needs.<\/p><p>And in case of any other needs, wishes and your preferences in general \u2013 don\u00b4t hesitate to ask. We are always willing to help you.<\/p>\t\t\t\t\t\t\t\t<\/div>\n\t\t\t\t<\/div>\n\t\t\t\t\t<\/div>\n\t\t<\/div>\n\t\t\t\t<div class=\"elementor-column elementor-col-50 elementor-top-column elementor-element elementor-element-bd0909c\" data-id=\"bd0909c\" data-element_type=\"column\" data-settings=\"{&quot;background_background&quot;:&quot;classic&quot;}\">\n\t\t\t<div class=\"elementor-widget-wrap elementor-element-populated\">\n\t\t\t\t\t\t<div class=\"elementor-element elementor-element-b48ddd3 elementor-widget elementor-widget-html\" data-id=\"b48ddd3\" data-element_type=\"widget\" data-widget_type=\"html.default\">\n\t\t\t\t<div class=\"elementor-widget-container\">\n\t\t\t\t\t<form id=\"AVP\" method=\"post\" action=\"https:\/\/www.secure-hotel-booking.com\/Penzion-Pansky-d\u016fm\/JIS6\/search?hotelId=26336\" target=\"_blank\">\n<input type=\"hidden\" id=\"language\" name=\"language\" value=\"en\" \/>\n<input type=\"hidden\" id=\"AVP_arrivalDate\" name=\"arrivalDate\" value=\"\" \/>\n<input type=\"hidden\" id=\"AVP_nights\" name=\"nights\" value=\"\" \/>\n<input type=\"hidden\" id=\"_ga\" name=\"_ga\" value=\"\" \/>\n<input type=\"hidden\" id=\"guestCountSelector\" name=\"guestCountSelector\" value=\"ReadOnly\" \/>\n<input type=\"hidden\" id=\"crossSell\" name=\"crossSell\" value=\"false\" \/>\n<table>\n<tr><td colspan=\"2\">Arrival date <select id=\"AVP_list_days\" onchange= \"updateDDay();\" ><\/select> <select id=\"AVP_list_months\" onchange=\"setDays();\"><\/select><\/td><\/tr>\n<tr><td colspan=\"2\">Departure date <select id=\"AVP_list_ddays\"><\/select> <select id=\"AVP_list_dmonths\" onchange=\"setDDays();\"><\/select><\/td><\/tr>\n<tr><td colspan=\"2\">Adults <select id=\"selectedAdultCount\" name=\"selectedAdultCount\"><\/select>\n Children <select id=\"selectedChildCount\" name=\"selectedChildCount\"><\/select>\n Infants <select id=\"selectedInfantCount\" name=\"selectedInfantCount\"><\/select><\/td><\/tr>\n<\/td><\/tr>\n<td align=\"center\"><input type=\"button\" value=\"Book\" onclick=\"validate();\" \/><\/td>\n<\/table>\n<\/form> \n <script type=\"text\/javascript\">\nvar months = new Array(\"January\",\"February\",\"March\",\"April\",\"May\",\"June\",\"July\",\"August\",\"September\",\"October\",\"November\",\"December\");\nvar message= \"Date out of schedule\";\n<\/script>\n<script type=\"text\/javascript\" src=\"https:\/\/www.secure-hotel-booking.com\/Penzion-Pansky-d\u016fm\/JIS6\/scripts\/base.js\"><\/script>\t\t\t\t<\/div>\n\t\t\t\t<\/div>\n\t\t\t\t\t<\/div>\n\t\t<\/div>\n\t\t\t\t\t<\/div>\n\t\t<\/section>\n\t\t\t\t<\/div>\n\t\t","protected":false},"excerpt":{"rendered":"<p>Booking Our guesthouse features 18 double rooms and 2 single rooms. One double room is fully suited for disabled guests. Maximum capacity is 41 guests at once. All rooms are provided with bathrooms, shower, WC, TV and free Wi-Fi. Extra bed is possible. The whole house is non-smoking and we have to ask you kindly [&hellip;]<\/p>\n","protected":false},"author":1,"featured_media":0,"parent":0,"menu_order":0,"comment_status":"closed","ping_status":"closed","template":"","meta":{"footnotes":""},"class_list":["post-757","page","type-page","status-publish","hentry"],"yoast_head":"<!-- This site is optimized with the Yoast SEO plugin v26.4 - https:\/\/yoast.com\/wordpress\/plugins\/seo\/ -->\n<title>Booking - Penzion Pansk\u00fd d\u016fm<\/title>\n<meta name=\"robots\" content=\"index, follow, max-snippet:-1, max-image-preview:large, max-video-preview:-1\" \/>\n<link rel=\"canonical\" href=\"https:\/\/panskydumrozmital.cz\/en\/prices-booking\/\" \/>\n<meta property=\"og:locale\" content=\"en_US\" \/>\n<meta property=\"og:type\" content=\"article\" \/>\n<meta property=\"og:title\" content=\"Booking - Penzion Pansk\u00fd d\u016fm\" \/>\n<meta property=\"og:description\" content=\"Booking Our guesthouse features 18 double rooms and 2 single rooms. One double room is fully suited for disabled guests. Maximum capacity is 41 guests at once. All rooms are provided with bathrooms, shower, WC, TV and free Wi-Fi. Extra bed is possible. The whole house is non-smoking and we have to ask you kindly [&hellip;]\" \/>\n<meta property=\"og:url\" content=\"https:\/\/panskydumrozmital.cz\/en\/prices-booking\/\" \/>\n<meta property=\"og:site_name\" content=\"Penzion Pansk\u00fd d\u016fm\" \/>\n<meta property=\"article:publisher\" content=\"https:\/\/www.facebook.com\/panskydumrozmital\/\" \/>\n<meta property=\"article:modified_time\" content=\"2025-07-11T09:46:32+00:00\" \/>\n<meta name=\"twitter:card\" content=\"summary_large_image\" \/>\n<meta name=\"twitter:site\" content=\"@apha_cz\" \/>\n<meta name=\"twitter:label1\" content=\"Est. reading time\" \/>\n\t<meta name=\"twitter:data1\" content=\"2 minutes\" \/>\n<script type=\"application\/ld+json\" class=\"yoast-schema-graph\">{\"@context\":\"https:\/\/schema.org\",\"@graph\":[{\"@type\":\"WebPage\",\"@id\":\"https:\/\/panskydumrozmital.cz\/en\/prices-booking\/\",\"url\":\"https:\/\/panskydumrozmital.cz\/en\/prices-booking\/\",\"name\":\"Booking - Penzion Pansk\u00fd d\u016fm\",\"isPartOf\":{\"@id\":\"https:\/\/panskydumrozmital.cz\/en\/#website\"},\"datePublished\":\"2020-09-15T07:57:44+00:00\",\"dateModified\":\"2025-07-11T09:46:32+00:00\",\"breadcrumb\":{\"@id\":\"https:\/\/panskydumrozmital.cz\/en\/prices-booking\/#breadcrumb\"},\"inLanguage\":\"en-US\",\"potentialAction\":[{\"@type\":\"ReadAction\",\"target\":[\"https:\/\/panskydumrozmital.cz\/en\/prices-booking\/\"]}]},{\"@type\":\"BreadcrumbList\",\"@id\":\"https:\/\/panskydumrozmital.cz\/en\/prices-booking\/#breadcrumb\",\"itemListElement\":[{\"@type\":\"ListItem\",\"position\":1,\"name\":\"Dom\u016f\",\"item\":\"https:\/\/panskydumrozmital.cz\/en\/\"},{\"@type\":\"ListItem\",\"position\":2,\"name\":\"Booking\"}]},{\"@type\":\"WebSite\",\"@id\":\"https:\/\/panskydumrozmital.cz\/en\/#website\",\"url\":\"https:\/\/panskydumrozmital.cz\/en\/\",\"name\":\"Penzion Pansk\u00fd d\u016fm\",\"description\":\"\",\"publisher\":{\"@id\":\"https:\/\/panskydumrozmital.cz\/en\/#organization\"},\"potentialAction\":[{\"@type\":\"SearchAction\",\"target\":{\"@type\":\"EntryPoint\",\"urlTemplate\":\"https:\/\/panskydumrozmital.cz\/en\/?s={search_term_string}\"},\"query-input\":{\"@type\":\"PropertyValueSpecification\",\"valueRequired\":true,\"valueName\":\"search_term_string\"}}],\"inLanguage\":\"en-US\"},{\"@type\":\"Organization\",\"@id\":\"https:\/\/panskydumrozmital.cz\/en\/#organization\",\"name\":\"Arcibiskupstv\u00ed pra\u017esk\u00e9\",\"url\":\"https:\/\/panskydumrozmital.cz\/en\/\",\"logo\":{\"@type\":\"ImageObject\",\"inLanguage\":\"en-US\",\"@id\":\"https:\/\/panskydumrozmital.cz\/en\/#\/schema\/logo\/image\/\",\"url\":\"https:\/\/panskydumrozmital.cz\/wp-content\/uploads\/2020\/04\/logo-svg.svg\",\"contentUrl\":\"https:\/\/panskydumrozmital.cz\/wp-content\/uploads\/2020\/04\/logo-svg.svg\",\"width\":154,\"height\":134,\"caption\":\"Arcibiskupstv\u00ed pra\u017esk\u00e9\"},\"image\":{\"@id\":\"https:\/\/panskydumrozmital.cz\/en\/#\/schema\/logo\/image\/\"},\"sameAs\":[\"https:\/\/www.facebook.com\/panskydumrozmital\/\",\"https:\/\/x.com\/apha_cz\",\"https:\/\/www.youtube.com\/channel\/UC5UIzwsmhU0PhcpPBpeO8vA\"]}]}<\/script>\n<!-- \/ Yoast SEO plugin. -->","yoast_head_json":{"title":"Booking - Penzion Pansk\u00fd d\u016fm","robots":{"index":"index","follow":"follow","max-snippet":"max-snippet:-1","max-image-preview":"max-image-preview:large","max-video-preview":"max-video-preview:-1"},"canonical":"https:\/\/panskydumrozmital.cz\/en\/prices-booking\/","og_locale":"en_US","og_type":"article","og_title":"Booking - Penzion Pansk\u00fd d\u016fm","og_description":"Booking Our guesthouse features 18 double rooms and 2 single rooms. One double room is fully suited for disabled guests. Maximum capacity is 41 guests at once. All rooms are provided with bathrooms, shower, WC, TV and free Wi-Fi. Extra bed is possible. The whole house is non-smoking and we have to ask you kindly [&hellip;]","og_url":"https:\/\/panskydumrozmital.cz\/en\/prices-booking\/","og_site_name":"Penzion Pansk\u00fd d\u016fm","article_publisher":"https:\/\/www.facebook.com\/panskydumrozmital\/","article_modified_time":"2025-07-11T09:46:32+00:00","twitter_card":"summary_large_image","twitter_site":"@apha_cz","twitter_misc":{"Est. reading time":"2 minutes"},"schema":{"@context":"https:\/\/schema.org","@graph":[{"@type":"WebPage","@id":"https:\/\/panskydumrozmital.cz\/en\/prices-booking\/","url":"https:\/\/panskydumrozmital.cz\/en\/prices-booking\/","name":"Booking - Penzion Pansk\u00fd d\u016fm","isPartOf":{"@id":"https:\/\/panskydumrozmital.cz\/en\/#website"},"datePublished":"2020-09-15T07:57:44+00:00","dateModified":"2025-07-11T09:46:32+00:00","breadcrumb":{"@id":"https:\/\/panskydumrozmital.cz\/en\/prices-booking\/#breadcrumb"},"inLanguage":"en-US","potentialAction":[{"@type":"ReadAction","target":["https:\/\/panskydumrozmital.cz\/en\/prices-booking\/"]}]},{"@type":"BreadcrumbList","@id":"https:\/\/panskydumrozmital.cz\/en\/prices-booking\/#breadcrumb","itemListElement":[{"@type":"ListItem","position":1,"name":"Dom\u016f","item":"https:\/\/panskydumrozmital.cz\/en\/"},{"@type":"ListItem","position":2,"name":"Booking"}]},{"@type":"WebSite","@id":"https:\/\/panskydumrozmital.cz\/en\/#website","url":"https:\/\/panskydumrozmital.cz\/en\/","name":"Penzion Pansk\u00fd d\u016fm","description":"","publisher":{"@id":"https:\/\/panskydumrozmital.cz\/en\/#organization"},"potentialAction":[{"@type":"SearchAction","target":{"@type":"EntryPoint","urlTemplate":"https:\/\/panskydumrozmital.cz\/en\/?s={search_term_string}"},"query-input":{"@type":"PropertyValueSpecification","valueRequired":true,"valueName":"search_term_string"}}],"inLanguage":"en-US"},{"@type":"Organization","@id":"https:\/\/panskydumrozmital.cz\/en\/#organization","name":"Arcibiskupstv\u00ed pra\u017esk\u00e9","url":"https:\/\/panskydumrozmital.cz\/en\/","logo":{"@type":"ImageObject","inLanguage":"en-US","@id":"https:\/\/panskydumrozmital.cz\/en\/#\/schema\/logo\/image\/","url":"https:\/\/panskydumrozmital.cz\/wp-content\/uploads\/2020\/04\/logo-svg.svg","contentUrl":"https:\/\/panskydumrozmital.cz\/wp-content\/uploads\/2020\/04\/logo-svg.svg","width":154,"height":134,"caption":"Arcibiskupstv\u00ed pra\u017esk\u00e9"},"image":{"@id":"https:\/\/panskydumrozmital.cz\/en\/#\/schema\/logo\/image\/"},"sameAs":["https:\/\/www.facebook.com\/panskydumrozmital\/","https:\/\/x.com\/apha_cz","https:\/\/www.youtube.com\/channel\/UC5UIzwsmhU0PhcpPBpeO8vA"]}]}},"_links":{"self":[{"href":"https:\/\/panskydumrozmital.cz\/en\/wp-json\/wp\/v2\/pages\/757","targetHints":{"allow":["GET"]}}],"collection":[{"href":"https:\/\/panskydumrozmital.cz\/en\/wp-json\/wp\/v2\/pages"}],"about":[{"href":"https:\/\/panskydumrozmital.cz\/en\/wp-json\/wp\/v2\/types\/page"}],"author":[{"embeddable":true,"href":"https:\/\/panskydumrozmital.cz\/en\/wp-json\/wp\/v2\/users\/1"}],"replies":[{"embeddable":true,"href":"https:\/\/panskydumrozmital.cz\/en\/wp-json\/wp\/v2\/comments?post=757"}],"version-history":[{"count":29,"href":"https:\/\/panskydumrozmital.cz\/en\/wp-json\/wp\/v2\/pages\/757\/revisions"}],"predecessor-version":[{"id":2543,"href":"https:\/\/panskydumrozmital.cz\/en\/wp-json\/wp\/v2\/pages\/757\/revisions\/2543"}],"wp:attachment":[{"href":"https:\/\/panskydumrozmital.cz\/en\/wp-json\/wp\/v2\/media?parent=757"}],"curies":[{"name":"wp","href":"https:\/\/api.w.org\/{rel}","templated":true}]}}