{"id":782,"date":"2020-09-15T10:29:06","date_gmt":"2020-09-15T08:29:06","guid":{"rendered":"https:\/\/panskydumrozmital.cz\/?page_id=782"},"modified":"2020-09-15T10:32:46","modified_gmt":"2020-09-15T08:32:46","slug":"for-groups","status":"publish","type":"page","link":"https:\/\/panskydumrozmital.cz\/en\/for-groups\/","title":{"rendered":"For groups"},"content":{"rendered":"\t\t<div data-elementor-type=\"wp-page\" data-elementor-id=\"782\" class=\"elementor elementor-782 elementor-478\" data-elementor-post-type=\"page\">\n\t\t\t\t\t\t<section class=\"elementor-section elementor-top-section elementor-element elementor-element-2416c43 elementor-section-boxed elementor-section-height-default elementor-section-height-default\" data-id=\"2416c43\" data-element_type=\"section\" data-settings=\"{&quot;background_background&quot;:&quot;classic&quot;}\">\n\t\t\t\t\t\t<div class=\"elementor-container elementor-column-gap-default\">\n\t\t\t\t\t<div class=\"elementor-column elementor-col-100 elementor-top-column elementor-element elementor-element-bf25aae\" data-id=\"bf25aae\" data-element_type=\"column\" data-settings=\"{&quot;background_background&quot;:&quot;classic&quot;}\">\n\t\t\t<div class=\"elementor-widget-wrap elementor-element-populated\">\n\t\t\t\t\t\t<div class=\"elementor-element elementor-element-f2f3b82 elementor-widget elementor-widget-heading\" data-id=\"f2f3b82\" data-element_type=\"widget\" data-widget_type=\"heading.default\">\n\t\t\t\t<div class=\"elementor-widget-container\">\n\t\t\t\t\t<h1 class=\"elementor-heading-title elementor-size-default\">For groups<\/h1>\t\t\t\t<\/div>\n\t\t\t\t<\/div>\n\t\t\t\t<div class=\"elementor-element elementor-element-84f2af7 elementor-widget elementor-widget-text-editor\" data-id=\"84f2af7\" data-element_type=\"widget\" data-widget_type=\"text-editor.default\">\n\t\t\t\t<div class=\"elementor-widget-container\">\n\t\t\t\t\t\t\t\t\t<p>Are you looking for a quiet place to meet your partners, train with your colleagues, do you plan a weekend camp or just a relaxed teambuilding stay?<\/p><p><strong>We can offer:<\/strong><\/p><ul><li>Shared lounge and seminar room (up to 40 people)<\/li><li>Variable setting of tables and seats<\/li><li>Screen and projector, Wi-Fi, a number of plugs<\/li><li>Flipchart and markers<\/li><li>Catering tailored for your needs (coffeebreaks, lunches or dinners\u2026)<\/li><\/ul>\t\t\t\t\t\t\t\t<\/div>\n\t\t\t\t<\/div>\n\t\t\t\t<div class=\"elementor-element elementor-element-738ccfa elementor-widget elementor-widget-text-editor\" data-id=\"738ccfa\" data-element_type=\"widget\" data-widget_type=\"text-editor.default\">\n\t\t\t\t<div class=\"elementor-widget-container\">\n\t\t\t\t\t\t\t\t\t<p>Just <a href=\"mailto:info@panskydumrozmital.cz\">let us know<\/a> what would you like to do at our place, and when. We will think it up and craft an individual offer for you.<\/p>\t\t\t\t\t\t\t\t<\/div>\n\t\t\t\t<\/div>\n\t\t\t\t\t<\/div>\n\t\t<\/div>\n\t\t\t\t\t<\/div>\n\t\t<\/section>\n\t\t\t\t<\/div>\n\t\t","protected":false},"excerpt":{"rendered":"<p>For groups Are you looking for a quiet place to meet your partners, train with your colleagues, do you plan a weekend camp or just a relaxed teambuilding stay? We can offer: Shared lounge and seminar room (up to 40 people) Variable setting of tables and seats Screen and projector, Wi-Fi, a number of plugs [&hellip;]<\/p>\n","protected":false},"author":1,"featured_media":0,"parent":0,"menu_order":0,"comment_status":"closed","ping_status":"closed","template":"","meta":{"footnotes":""},"class_list":["post-782","page","type-page","status-publish","hentry"],"yoast_head":"<!-- This site is optimized with the Yoast SEO plugin v26.4 - https:\/\/yoast.com\/wordpress\/plugins\/seo\/ -->\n<title>For groups - Penzion Pansk\u00fd d\u016fm<\/title>\n<meta name=\"robots\" content=\"index, follow, max-snippet:-1, max-image-preview:large, max-video-preview:-1\" \/>\n<link rel=\"canonical\" href=\"https:\/\/panskydumrozmital.cz\/en\/for-groups\/\" \/>\n<meta property=\"og:locale\" content=\"en_US\" \/>\n<meta property=\"og:type\" content=\"article\" \/>\n<meta property=\"og:title\" content=\"For groups - Penzion Pansk\u00fd d\u016fm\" \/>\n<meta property=\"og:description\" content=\"For groups Are you looking for a quiet place to meet your partners, train with your colleagues, do you plan a weekend camp or just a relaxed teambuilding stay? We can offer: Shared lounge and seminar room (up to 40 people) Variable setting of tables and seats Screen and projector, Wi-Fi, a number of plugs [&hellip;]\" \/>\n<meta property=\"og:url\" content=\"https:\/\/panskydumrozmital.cz\/en\/for-groups\/\" \/>\n<meta property=\"og:site_name\" content=\"Penzion Pansk\u00fd d\u016fm\" \/>\n<meta property=\"article:publisher\" content=\"https:\/\/www.facebook.com\/panskydumrozmital\/\" \/>\n<meta property=\"article:modified_time\" content=\"2020-09-15T08:32:46+00:00\" \/>\n<meta name=\"twitter:card\" content=\"summary_large_image\" \/>\n<meta name=\"twitter:site\" content=\"@apha_cz\" \/>\n<script type=\"application\/ld+json\" class=\"yoast-schema-graph\">{\"@context\":\"https:\/\/schema.org\",\"@graph\":[{\"@type\":\"WebPage\",\"@id\":\"https:\/\/panskydumrozmital.cz\/en\/for-groups\/\",\"url\":\"https:\/\/panskydumrozmital.cz\/en\/for-groups\/\",\"name\":\"For groups - Penzion Pansk\u00fd d\u016fm\",\"isPartOf\":{\"@id\":\"https:\/\/panskydumrozmital.cz\/en\/#website\"},\"datePublished\":\"2020-09-15T08:29:06+00:00\",\"dateModified\":\"2020-09-15T08:32:46+00:00\",\"breadcrumb\":{\"@id\":\"https:\/\/panskydumrozmital.cz\/en\/for-groups\/#breadcrumb\"},\"inLanguage\":\"en-US\",\"potentialAction\":[{\"@type\":\"ReadAction\",\"target\":[\"https:\/\/panskydumrozmital.cz\/en\/for-groups\/\"]}]},{\"@type\":\"BreadcrumbList\",\"@id\":\"https:\/\/panskydumrozmital.cz\/en\/for-groups\/#breadcrumb\",\"itemListElement\":[{\"@type\":\"ListItem\",\"position\":1,\"name\":\"Dom\u016f\",\"item\":\"https:\/\/panskydumrozmital.cz\/en\/\"},{\"@type\":\"ListItem\",\"position\":2,\"name\":\"For groups\"}]},{\"@type\":\"WebSite\",\"@id\":\"https:\/\/panskydumrozmital.cz\/en\/#website\",\"url\":\"https:\/\/panskydumrozmital.cz\/en\/\",\"name\":\"Penzion Pansk\u00fd d\u016fm\",\"description\":\"\",\"publisher\":{\"@id\":\"https:\/\/panskydumrozmital.cz\/en\/#organization\"},\"potentialAction\":[{\"@type\":\"SearchAction\",\"target\":{\"@type\":\"EntryPoint\",\"urlTemplate\":\"https:\/\/panskydumrozmital.cz\/en\/?s={search_term_string}\"},\"query-input\":{\"@type\":\"PropertyValueSpecification\",\"valueRequired\":true,\"valueName\":\"search_term_string\"}}],\"inLanguage\":\"en-US\"},{\"@type\":\"Organization\",\"@id\":\"https:\/\/panskydumrozmital.cz\/en\/#organization\",\"name\":\"Arcibiskupstv\u00ed pra\u017esk\u00e9\",\"url\":\"https:\/\/panskydumrozmital.cz\/en\/\",\"logo\":{\"@type\":\"ImageObject\",\"inLanguage\":\"en-US\",\"@id\":\"https:\/\/panskydumrozmital.cz\/en\/#\/schema\/logo\/image\/\",\"url\":\"https:\/\/panskydumrozmital.cz\/wp-content\/uploads\/2020\/04\/logo-svg.svg\",\"contentUrl\":\"https:\/\/panskydumrozmital.cz\/wp-content\/uploads\/2020\/04\/logo-svg.svg\",\"width\":154,\"height\":134,\"caption\":\"Arcibiskupstv\u00ed pra\u017esk\u00e9\"},\"image\":{\"@id\":\"https:\/\/panskydumrozmital.cz\/en\/#\/schema\/logo\/image\/\"},\"sameAs\":[\"https:\/\/www.facebook.com\/panskydumrozmital\/\",\"https:\/\/x.com\/apha_cz\",\"https:\/\/www.youtube.com\/channel\/UC5UIzwsmhU0PhcpPBpeO8vA\"]}]}<\/script>\n<!-- \/ Yoast SEO plugin. -->","yoast_head_json":{"title":"For groups - Penzion Pansk\u00fd d\u016fm","robots":{"index":"index","follow":"follow","max-snippet":"max-snippet:-1","max-image-preview":"max-image-preview:large","max-video-preview":"max-video-preview:-1"},"canonical":"https:\/\/panskydumrozmital.cz\/en\/for-groups\/","og_locale":"en_US","og_type":"article","og_title":"For groups - Penzion Pansk\u00fd d\u016fm","og_description":"For groups Are you looking for a quiet place to meet your partners, train with your colleagues, do you plan a weekend camp or just a relaxed teambuilding stay? We can offer: Shared lounge and seminar room (up to 40 people) Variable setting of tables and seats Screen and projector, Wi-Fi, a number of plugs [&hellip;]","og_url":"https:\/\/panskydumrozmital.cz\/en\/for-groups\/","og_site_name":"Penzion Pansk\u00fd d\u016fm","article_publisher":"https:\/\/www.facebook.com\/panskydumrozmital\/","article_modified_time":"2020-09-15T08:32:46+00:00","twitter_card":"summary_large_image","twitter_site":"@apha_cz","schema":{"@context":"https:\/\/schema.org","@graph":[{"@type":"WebPage","@id":"https:\/\/panskydumrozmital.cz\/en\/for-groups\/","url":"https:\/\/panskydumrozmital.cz\/en\/for-groups\/","name":"For groups - Penzion Pansk\u00fd d\u016fm","isPartOf":{"@id":"https:\/\/panskydumrozmital.cz\/en\/#website"},"datePublished":"2020-09-15T08:29:06+00:00","dateModified":"2020-09-15T08:32:46+00:00","breadcrumb":{"@id":"https:\/\/panskydumrozmital.cz\/en\/for-groups\/#breadcrumb"},"inLanguage":"en-US","potentialAction":[{"@type":"ReadAction","target":["https:\/\/panskydumrozmital.cz\/en\/for-groups\/"]}]},{"@type":"BreadcrumbList","@id":"https:\/\/panskydumrozmital.cz\/en\/for-groups\/#breadcrumb","itemListElement":[{"@type":"ListItem","position":1,"name":"Dom\u016f","item":"https:\/\/panskydumrozmital.cz\/en\/"},{"@type":"ListItem","position":2,"name":"For groups"}]},{"@type":"WebSite","@id":"https:\/\/panskydumrozmital.cz\/en\/#website","url":"https:\/\/panskydumrozmital.cz\/en\/","name":"Penzion Pansk\u00fd d\u016fm","description":"","publisher":{"@id":"https:\/\/panskydumrozmital.cz\/en\/#organization"},"potentialAction":[{"@type":"SearchAction","target":{"@type":"EntryPoint","urlTemplate":"https:\/\/panskydumrozmital.cz\/en\/?s={search_term_string}"},"query-input":{"@type":"PropertyValueSpecification","valueRequired":true,"valueName":"search_term_string"}}],"inLanguage":"en-US"},{"@type":"Organization","@id":"https:\/\/panskydumrozmital.cz\/en\/#organization","name":"Arcibiskupstv\u00ed pra\u017esk\u00e9","url":"https:\/\/panskydumrozmital.cz\/en\/","logo":{"@type":"ImageObject","inLanguage":"en-US","@id":"https:\/\/panskydumrozmital.cz\/en\/#\/schema\/logo\/image\/","url":"https:\/\/panskydumrozmital.cz\/wp-content\/uploads\/2020\/04\/logo-svg.svg","contentUrl":"https:\/\/panskydumrozmital.cz\/wp-content\/uploads\/2020\/04\/logo-svg.svg","width":154,"height":134,"caption":"Arcibiskupstv\u00ed pra\u017esk\u00e9"},"image":{"@id":"https:\/\/panskydumrozmital.cz\/en\/#\/schema\/logo\/image\/"},"sameAs":["https:\/\/www.facebook.com\/panskydumrozmital\/","https:\/\/x.com\/apha_cz","https:\/\/www.youtube.com\/channel\/UC5UIzwsmhU0PhcpPBpeO8vA"]}]}},"_links":{"self":[{"href":"https:\/\/panskydumrozmital.cz\/en\/wp-json\/wp\/v2\/pages\/782","targetHints":{"allow":["GET"]}}],"collection":[{"href":"https:\/\/panskydumrozmital.cz\/en\/wp-json\/wp\/v2\/pages"}],"about":[{"href":"https:\/\/panskydumrozmital.cz\/en\/wp-json\/wp\/v2\/types\/page"}],"author":[{"embeddable":true,"href":"https:\/\/panskydumrozmital.cz\/en\/wp-json\/wp\/v2\/users\/1"}],"replies":[{"embeddable":true,"href":"https:\/\/panskydumrozmital.cz\/en\/wp-json\/wp\/v2\/comments?post=782"}],"version-history":[{"count":3,"href":"https:\/\/panskydumrozmital.cz\/en\/wp-json\/wp\/v2\/pages\/782\/revisions"}],"predecessor-version":[{"id":785,"href":"https:\/\/panskydumrozmital.cz\/en\/wp-json\/wp\/v2\/pages\/782\/revisions\/785"}],"wp:attachment":[{"href":"https:\/\/panskydumrozmital.cz\/en\/wp-json\/wp\/v2\/media?parent=782"}],"curies":[{"name":"wp","href":"https:\/\/api.w.org\/{rel}","templated":true}]}}